{"id":6,"date":"2024-11-05T09:14:21","date_gmt":"2024-11-05T08:14:21","guid":{"rendered":"https:\/\/www.adfinplus.es\/?page_id=6"},"modified":"2024-11-05T14:16:07","modified_gmt":"2024-11-05T13:16:07","slug":"inicio","status":"publish","type":"page","link":"https:\/\/www.adfinplus.es\/","title":{"rendered":"Inicio"},"content":{"rendered":"\n<div class=\"wp-block-cover alignfull is-light\"><span aria-hidden=\"true\" class=\"wp-block-cover__background has-background-dim\" style=\"background-color:#b0c1ce\"><\/span><img loading=\"lazy\" decoding=\"async\" width=\"1920\" height=\"1256\" class=\"wp-block-cover__image-background wp-image-15\" alt=\"\" src=\"https:\/\/www.adfinplus.es\/wp-content\/uploads\/2024\/11\/cabecera.jpg\" data-object-fit=\"cover\" srcset=\"https:\/\/www.adfinplus.es\/wp-content\/uploads\/2024\/11\/cabecera.jpg 1920w, https:\/\/www.adfinplus.es\/wp-content\/uploads\/2024\/11\/cabecera-300x196.jpg 300w, https:\/\/www.adfinplus.es\/wp-content\/uploads\/2024\/11\/cabecera-1024x670.jpg 1024w, https:\/\/www.adfinplus.es\/wp-content\/uploads\/2024\/11\/cabecera-768x502.jpg 768w, https:\/\/www.adfinplus.es\/wp-content\/uploads\/2024\/11\/cabecera-1536x1005.jpg 1536w\" sizes=\"auto, (max-width: 1920px) 100vw, 1920px\" \/><div class=\"wp-block-cover__inner-container is-layout-constrained wp-block-cover-is-layout-constrained\">\n<h1 class=\"wp-block-heading alignwide has-text-align-center has-ast-global-color-8-color has-text-color has-link-color wp-elements-97bbbd224c7bc2cea55a30529bb377fa\"><strong>M\u00e1s que administraci\u00f3n de fincas<\/strong><\/h1>\n<\/div><\/div>\n\n\n\n<div class=\"wp-block-cover alignfull\"><span aria-hidden=\"true\" class=\"wp-block-cover__background has-ast-global-color-5-background-color has-background-dim-100 has-background-dim\"><\/span><div class=\"wp-block-cover__inner-container is-layout-constrained wp-block-cover-is-layout-constrained\">\n<p class=\"has-text-align-center has-ast-global-color-8-color has-text-color has-link-color wp-elements-33e42bee9a1bc778235d6c58b05ccf29\" style=\"font-size:20px\">Nos complace comunicarte nuestras novedades:<br>Ahora BRB pasa a ser AdFinplus. Queremos centrarnos a\u00fan m\u00e1s en tus necesidades como cliente, gestionando el d\u00eda a d\u00eda de la comunidad y su administraci\u00f3n. Queremos ser m\u00e1s que una administraci\u00f3n de fincas.<br><br>Nuestra mejor referencia es la profesionalidad y servicio de asistencia para urgencias de su comunidad.<br>24 horas, los 365 d\u00edas del a\u00f1o.<\/p>\n\n\n\n<p class=\"has-text-align-center has-ast-global-color-8-color has-text-color has-link-color wp-elements-46cec9a2779d153ecf2e288cd4b5ee7d\" style=\"font-size:18px\">Le ofrecemos nuestros servicios en Castell\u00f3n y provincia.<\/p>\n\n\n\n<p>\/<\/p>\n\n\n\n<hr class=\"wp-block-separator has-text-color has-alpha-channel-opacity has-background is-style-wide\" style=\"background-color:#7a7a7a;color:#7a7a7a\"\/>\n\n\n\n<div class=\"wp-block-columns alignwide is-layout-flex wp-container-core-columns-is-layout-28f84493 wp-block-columns-is-layout-flex\">\n<div class=\"wp-block-column is-vertically-aligned-center is-layout-flow wp-block-column-is-layout-flow\">\n<div class=\"wp-block-group alignfull is-vertical is-content-justification-center is-layout-flex wp-container-core-group-is-layout-fa38c63a wp-block-group-is-layout-flex\">\n<figure class=\"wp-block-image size-medium\"><img loading=\"lazy\" decoding=\"async\" width=\"300\" height=\"300\" src=\"\/wp-content\/uploads\/2024\/11\/unnamed-3-300x300.png\" alt=\"\" class=\"wp-image-17\" srcset=\"https:\/\/www.adfinplus.es\/wp-content\/uploads\/2024\/11\/unnamed-3-300x300.png 300w, https:\/\/www.adfinplus.es\/wp-content\/uploads\/2024\/11\/unnamed-3-150x150.png 150w, https:\/\/www.adfinplus.es\/wp-content\/uploads\/2024\/11\/unnamed-3.png 379w\" sizes=\"auto, (max-width: 300px) 100vw, 300px\" \/><\/figure>\n\n\n\n<p class=\"has-ast-global-color-8-color has-text-color has-link-color wp-elements-a42a3042de1c3ae7b5894f6e1f912ed6\" style=\"font-size:18px\"><strong>Reducci\u00f3n<\/strong> de los gastos de comunidad.<\/p>\n<\/div>\n<\/div>\n\n\n\n<div class=\"wp-block-column is-vertically-aligned-center is-layout-flow wp-block-column-is-layout-flow\">\n<div class=\"wp-block-group alignfull is-vertical is-content-justification-center is-layout-flex wp-container-core-group-is-layout-fa38c63a wp-block-group-is-layout-flex\">\n<figure class=\"wp-block-image size-medium\"><img loading=\"lazy\" decoding=\"async\" width=\"300\" height=\"300\" src=\"\/wp-content\/uploads\/2024\/11\/corazon-300x300.png\" alt=\"\" class=\"wp-image-18\" srcset=\"https:\/\/www.adfinplus.es\/wp-content\/uploads\/2024\/11\/corazon-300x300.png 300w, https:\/\/www.adfinplus.es\/wp-content\/uploads\/2024\/11\/corazon-150x150.png 150w, https:\/\/www.adfinplus.es\/wp-content\/uploads\/2024\/11\/corazon.png 379w\" sizes=\"auto, (max-width: 300px) 100vw, 300px\" \/><\/figure>\n\n\n\n<p class=\"has-ast-global-color-8-color has-text-color has-link-color wp-elements-48788b2a3cf9a87235c51379cb283bf6\" style=\"font-size:18px\">Aumento de la <strong>satisfacci\u00f3n<\/strong> de los propietarios.<\/p>\n<\/div>\n<\/div>\n\n\n\n<div class=\"wp-block-column is-vertically-aligned-center is-layout-flow wp-block-column-is-layout-flow\">\n<div class=\"wp-block-group alignfull is-vertical is-content-justification-center is-layout-flex wp-container-core-group-is-layout-fa38c63a wp-block-group-is-layout-flex\">\n<figure class=\"wp-block-image size-medium\"><img loading=\"lazy\" decoding=\"async\" width=\"300\" height=\"300\" src=\"\/wp-content\/uploads\/2024\/11\/reloj-300x300.png\" alt=\"\" class=\"wp-image-19\" srcset=\"https:\/\/www.adfinplus.es\/wp-content\/uploads\/2024\/11\/reloj-300x300.png 300w, https:\/\/www.adfinplus.es\/wp-content\/uploads\/2024\/11\/reloj-150x150.png 150w, https:\/\/www.adfinplus.es\/wp-content\/uploads\/2024\/11\/reloj.png 379w\" sizes=\"auto, (max-width: 300px) 100vw, 300px\" \/><\/figure>\n\n\n\n<p class=\"has-ast-global-color-8-color has-text-color has-link-color wp-elements-2cfcd458ec3b3bf62aafceecb0ba0408\" style=\"font-size:18px\">Resolvemos sus urgencias en <strong>menos de 48 horas<\/strong>.<\/p>\n<\/div>\n<\/div>\n<\/div>\n<\/div><\/div>\n\n\n\n<div class=\"wp-block-cover alignfull\"><span aria-hidden=\"true\" class=\"wp-block-cover__background has-ast-global-color-5-background-color has-background-dim-100 has-background-dim\"><\/span><div class=\"wp-block-cover__inner-container is-layout-constrained wp-block-cover-is-layout-constrained\">\n<h2 class=\"wp-block-heading has-text-align-center has-ast-global-color-8-color has-text-color has-link-color wp-elements-ab60a5781afeae7abccd19b5c913b90e\"><strong>SERVICIOS<\/strong><\/h2>\n\n\n\n<div style=\"height:30px\" aria-hidden=\"true\" class=\"wp-block-spacer\"><\/div>\n\n\n\n<figure class=\"wp-block-table alignwide is-style-regular\" style=\"font-size:20px\"><table class=\"has-ast-global-color-5-color has-text-color has-background has-link-color has-fixed-layout\" style=\"background-color:#6ec1e4;border-width:10px\"><tbody><tr><td class=\"has-text-align-center\" data-align=\"center\">GESTI\u00d3N DE LA&nbsp;COMUNIDA<strong>D<\/strong><\/td><td class=\"has-text-align-center\" data-align=\"center\"><strong>ADMINISTRACI\u00d3N DE FINCAS<\/strong><\/td><\/tr><tr><td class=\"has-text-align-center\" data-align=\"center\"><strong>PROFESIONALIDAD<\/strong><\/td><td class=\"has-text-align-center\" data-align=\"center\"><strong>AN\u00c1LISIS DE COSTES<\/strong><\/td><\/tr><\/tbody><\/table><\/figure>\n\n\n\n<figure class=\"wp-block-image alignwide size-large\"><img loading=\"lazy\" decoding=\"async\" width=\"1273\" height=\"377\" src=\"\/wp-content\/uploads\/2024\/11\/unnamed-5.svg\" alt=\"\" class=\"wp-image-11\"\/><\/figure>\n\n\n\n<div style=\"height:30px\" aria-hidden=\"true\" class=\"wp-block-spacer\"><\/div>\n\n\n\n<div class=\"wp-block-columns alignwide are-vertically-aligned-center is-layout-flex wp-container-core-columns-is-layout-28f84493 wp-block-columns-is-layout-flex\">\n<div class=\"wp-block-column is-vertically-aligned-center is-layout-flow wp-block-column-is-layout-flow\">\n<div class=\"wp-block-group alignfull is-vertical is-content-justification-left is-layout-flex wp-container-core-group-is-layout-b21d21b4 wp-block-group-is-layout-flex\">\n<h3 class=\"wp-block-heading has-ast-global-color-8-color has-text-color has-link-color wp-elements-fe023b6bf6d1ce3bb31f63ed50428bf8\"><strong>GESTI\u00d3N DE LA COMUNIDAD<\/strong><\/h3>\n\n\n\n<ul style=\"font-size:20px\" class=\"wp-block-list has-ast-global-color-8-color has-text-color has-link-color wp-elements-d3efca7ddff306a47cd244be65ba4a9b\">\n<li style=\"font-size:20px\">Controlando los trabajos de los&nbsp;<strong>proveedores.<\/strong><\/li>\n\n\n\n<li style=\"font-size:20px\">Asegurando el&nbsp;<strong>cumplimiento<\/strong>&nbsp;en plazos y en presupuesto.<\/li>\n\n\n\n<li style=\"font-size:20px\">Evaluando el nivel de&nbsp;<strong>satisfacci\u00f3n<\/strong>&nbsp;de los propietarios.<\/li>\n<\/ul>\n<\/div>\n<\/div>\n\n\n\n<div class=\"wp-block-column is-vertically-aligned-center is-layout-flow wp-block-column-is-layout-flow\">\n<div class=\"wp-block-group is-vertical is-layout-flex wp-container-core-group-is-layout-d6b9ab57 wp-block-group-is-layout-flex\">\n<h3 class=\"wp-block-heading has-ast-global-color-8-color has-text-color has-link-color wp-elements-079ce2a290e42c4974ec0fd4c4047926\"><strong>ADMINISTRACI\u00d3N DE FINCAS<\/strong><\/h3>\n\n\n\n<ul style=\"font-size:20px\" class=\"wp-block-list has-ast-global-color-8-color has-text-color has-link-color wp-elements-53124091fd95ab98940e733c02fa7450\">\n<li style=\"font-size:20px\">Llevamos la&nbsp;<strong>contabilidad<\/strong>&nbsp;de la Comunidad con total transparencia.<\/li>\n\n\n\n<li style=\"font-size:20px\">Ponemos a su disposici\u00f3n&nbsp;<strong>informaci\u00f3n clara<\/strong>, simple y actualizada del estado econ\u00f3mico de su comunidad y del funcionamiento de sus servicios.<\/li>\n<\/ul>\n<\/div>\n<\/div>\n<\/div>\n\n\n\n<hr class=\"wp-block-separator has-text-color has-alpha-channel-opacity has-background is-style-wide\" style=\"background-color:#7a7a7a;color:#7a7a7a\"\/>\n\n\n\n<div class=\"wp-block-columns alignwide are-vertically-aligned-center is-layout-flex wp-container-core-columns-is-layout-28f84493 wp-block-columns-is-layout-flex\">\n<div class=\"wp-block-column is-vertically-aligned-center is-layout-flow wp-block-column-is-layout-flow\">\n<div class=\"wp-block-group alignfull is-vertical is-layout-flex wp-container-core-group-is-layout-d6b9ab57 wp-block-group-is-layout-flex\">\n<h3 class=\"wp-block-heading has-ast-global-color-8-color has-text-color has-link-color wp-elements-51007e0445a3f870bafcb57722877c3f\"><strong>PROFESIONALIDAD<\/strong><\/h3>\n\n\n\n<ul style=\"font-size:20px\" class=\"wp-block-list has-ast-global-color-8-color has-text-color has-link-color wp-elements-701291bae5d22b173b5203fbb2555630\">\n<li style=\"font-size:20px\"><strong>Comunicaci\u00f3n<\/strong>&nbsp;fluida con los&nbsp;<strong>presidentes<\/strong>&nbsp;y&nbsp;<strong>vecinos<\/strong>&nbsp;de la finca.<\/li>\n\n\n\n<li style=\"font-size:20px\">Encauzamos cualquier&nbsp;<strong>problema jur\u00eddico<\/strong>&nbsp;que afecte a la Comunidad y contratamos servicios externos de nuestra&nbsp;<strong>confianza<\/strong>&nbsp;(abogados, procuradores, peritos, etc.).<\/li>\n<\/ul>\n<\/div>\n<\/div>\n\n\n\n<div class=\"wp-block-column is-vertically-aligned-center is-layout-flow wp-block-column-is-layout-flow\">\n<div class=\"wp-block-group alignfull is-vertical is-layout-flex wp-container-core-group-is-layout-d6b9ab57 wp-block-group-is-layout-flex\">\n<h3 class=\"wp-block-heading has-ast-global-color-8-color has-text-color has-link-color wp-elements-f2da50a58f3b50ba91a4bc047bbb6a2a\"><strong>AN\u00c1LISIS DE COSTES<\/strong><\/h3>\n\n\n\n<p class=\"has-ast-global-color-8-color has-text-color has-link-color wp-elements-1abb19bbfcd5e3a29a0652690b8c35ab\" style=\"font-size:20px\">Por la contrataci\u00f3n de nuestros servicios, inclu\u00edmos:<\/p>\n\n\n\n<ul style=\"font-size:20px\" class=\"wp-block-list has-ast-global-color-8-color has-text-color has-link-color wp-elements-3b73302afb0cb33c2bd521ea1ec38f41\">\n<li style=\"font-size:20px\">Un&nbsp;<strong>estudio<\/strong>&nbsp;detallado de todos los gastos de la Comunidad.<\/li>\n\n\n\n<li style=\"font-size:20px\">Solicitud de nuevos presupuestos que&nbsp;<strong>mejoren los precios<\/strong>&nbsp;de los servicios contratados.<\/li>\n<\/ul>\n<\/div>\n<\/div>\n<\/div>\n<\/div><\/div>\n\n\n\n<div class=\"wp-block-cover alignfull\"><span aria-hidden=\"true\" class=\"wp-block-cover__background has-ast-global-color-5-background-color has-background-dim-100 has-background-dim\"><\/span><div class=\"wp-block-cover__inner-container is-layout-constrained wp-block-cover-is-layout-constrained\">\n<h2 class=\"wp-block-heading has-text-align-center has-ast-global-color-8-color has-text-color has-link-color wp-elements-a9a92e820ef043bd2b1937dfc86cb7bc\"><strong>NOSOTR@S<\/strong><\/h2>\n\n\n\n<div class=\"wp-block-group alignwide is-content-justification-left is-nowrap is-layout-flex wp-container-core-group-is-layout-fc9f69e7 wp-block-group-is-layout-flex\">\n<figure class=\"wp-block-image size-full\"><img loading=\"lazy\" decoding=\"async\" width=\"273\" height=\"209\" src=\"\/wp-content\/uploads\/2024\/11\/10-ANOS-afp.png\" alt=\"\" class=\"wp-image-23\"\/><\/figure>\n\n\n\n<p class=\"has-ast-global-color-8-color has-text-color has-link-color wp-elements-4f6831c54e068bc34fb48810a4b0ee7f\" style=\"font-size:20px\"><strong>M\u00e1s de 10 a\u00f1os de experiencia en&nbsp;nuestro trabajo.&nbsp;<\/strong><br>Contacte con nosotros, atenderemos encantados cualquier consulta.<\/p>\n<\/div>\n\n\n\n<div class=\"wp-block-group alignwide is-nowrap is-layout-flex wp-container-core-group-is-layout-6c531013 wp-block-group-is-layout-flex\">\n<div class=\"wp-block-group alignwide is-vertical is-layout-flex wp-container-core-group-is-layout-d6b9ab57 wp-block-group-is-layout-flex\">\n<h3 class=\"wp-block-heading has-ast-global-color-8-color has-text-color has-link-color wp-elements-4bbf80128ab034e1f1c47477106e3e6f\"><strong>ESTAMOS AQU\u00cd<\/strong><\/h3>\n\n\n\n<p class=\"has-ast-global-color-8-color has-text-color has-link-color wp-elements-5f1ef44b841f4016cd40716a6693a18d\" style=\"font-size:20px\">De Lunes a Viernes:<br><br>09:00 a 14:00 y 16:00 a 18:30<br><br>(Viernes tarde cerrado, atendemos por tel\u00e9fono)<\/p>\n<\/div>\n\n\n\n<iframe src=\"https:\/\/www.google.com\/maps\/embed?pb=!1m18!1m12!1m3!1d8932.792730525636!2d-0.02790750000003199!3d39.98135660000001!2m3!1f0!2f0!3f0!3m2!1i1024!2i768!4f13.1!3m3!1m2!1s0xd5fffd8086e5ff3%3A0x41d346d820c3dd10!2sAdFinPlus%2C%20S.L.%2C%20Administraci%C3%B3n%20de%20Fincas!5e1!3m2!1ses!2ses!4v1730801460619!5m2!1ses!2ses\" width=\"100%\" height=\"300\" style=\"border:0;\" allowfullscreen=\"\" loading=\"lazy\" referrerpolicy=\"no-referrer-when-downgrade\"><\/iframe>\n<\/div>\n<\/div><\/div>\n\n\n\n<div class=\"wp-block-cover alignfull is-light\" style=\"min-height:385px;aspect-ratio:unset;\"><span aria-hidden=\"true\" class=\"wp-block-cover__background has-background-dim-100 has-background-dim\" style=\"background-color:#dedddd\"><\/span><div class=\"wp-block-cover__inner-container is-layout-constrained wp-block-cover-is-layout-constrained\">\n<div class=\"wp-block-group alignwide is-vertical is-layout-flex wp-container-core-group-is-layout-d6b9ab57 wp-block-group-is-layout-flex\">\n<div class=\"wp-block-columns are-vertically-aligned-center is-layout-flex wp-container-core-columns-is-layout-28f84493 wp-block-columns-is-layout-flex\">\n<div class=\"wp-block-column is-vertically-aligned-center is-layout-flow wp-block-column-is-layout-flow\" style=\"flex-basis:40%\">\n<figure class=\"wp-block-image size-full\"><img loading=\"lazy\" decoding=\"async\" width=\"354\" height=\"261\" src=\"\/wp-content\/uploads\/2024\/11\/Logo-.png\" alt=\"\" class=\"wp-image-43\" srcset=\"https:\/\/www.adfinplus.es\/wp-content\/uploads\/2024\/11\/Logo-.png 354w, https:\/\/www.adfinplus.es\/wp-content\/uploads\/2024\/11\/Logo--300x221.png 300w\" sizes=\"auto, (max-width: 354px) 100vw, 354px\" \/><\/figure>\n<\/div>\n\n\n\n<div class=\"wp-block-column is-vertically-aligned-center is-layout-flow wp-block-column-is-layout-flow\" style=\"flex-basis:60%\">\n<p class=\"has-ast-global-color-8-color has-text-color has-link-color wp-elements-15f32a1f6a7dfe56fed1a0af0321da29\" style=\"font-size:20px\">Su tranquilidad es nuestro trabajo.<br>Contacte con nosotr@s ahora para ampliar cualquier informaci\u00f3n, sin ning\u00fan tipo de compromiso.<\/p>\n<\/div>\n<\/div>\n<\/div>\n\n\n\n<div class=\"wp-block-group alignwide is-content-justification-center is-nowrap is-layout-flex wp-container-core-group-is-layout-9a9777ff wp-block-group-is-layout-flex\">\n<p class=\"has-text-color has-link-color wp-elements-f15c4a27355cac9db06e7bce5842f23e\" style=\"color:#6ec1e4;font-size:18px\"><a href=\"http:\/\/www.adfinplus.es\">adfinplus.es<\/a><\/p>\n\n\n\n<p class=\"has-text-color has-link-color wp-elements-6e994884245f1b6bb6509f266a59ca7e\" style=\"color:#6ec1e4;font-size:18px\"><a href=\"mailto:info@adfinplus.es\">info@adfinplus.es<\/a><\/p>\n\n\n\n<p class=\"has-text-color has-link-color wp-elements-607115431f7dbb67a242cd15e83c4b9a\" style=\"color:#6ec1e4;font-size:18px;text-decoration:underline\">964 06 32 40<\/p>\n<\/div>\n<\/div><\/div>\n","protected":false},"excerpt":{"rendered":"","protected":false},"author":1,"featured_media":0,"parent":0,"menu_order":0,"comment_status":"closed","ping_status":"closed","template":"","meta":{"inline_featured_image":false,"site-sidebar-layout":"default","site-content-layout":"","ast-site-content-layout":"","site-content-style":"default","site-sidebar-style":"default","ast-global-header-display":"","ast-banner-title-visibility":"","ast-main-header-display":"","ast-hfb-above-header-display":"","ast-hfb-below-header-display":"","ast-hfb-mobile-header-display":"","site-post-title":"disabled","ast-breadcrumbs-content":"","ast-featured-img":"","footer-sml-layout":"","theme-transparent-header-meta":"","adv-header-id-meta":"","stick-header-meta":"","header-above-stick-meta":"","header-main-stick-meta":"","header-below-stick-meta":"","astra-migrate-meta-layouts":"default","ast-page-background-enabled":"default","ast-page-background-meta":{"desktop":{"background-color":"var(--ast-global-color-4)","background-image":"","background-repeat":"repeat","background-position":"center center","background-size":"auto","background-attachment":"scroll","background-type":"","background-media":"","overlay-type":"","overlay-color":"","overlay-opacity":"","overlay-gradient":""},"tablet":{"background-color":"","background-image":"","background-repeat":"repeat","background-position":"center center","background-size":"auto","background-attachment":"scroll","background-type":"","background-media":"","overlay-type":"","overlay-color":"","overlay-opacity":"","overlay-gradient":""},"mobile":{"background-color":"","background-image":"","background-repeat":"repeat","background-position":"center center","background-size":"auto","background-attachment":"scroll","background-type":"","background-media":"","overlay-type":"","overlay-color":"","overlay-opacity":"","overlay-gradient":""}},"ast-content-background-meta":{"desktop":{"background-color":"var(--ast-global-color-5)","background-image":"","background-repeat":"repeat","background-position":"center center","background-size":"auto","background-attachment":"scroll","background-type":"","background-media":"","overlay-type":"","overlay-color":"","overlay-opacity":"","overlay-gradient":""},"tablet":{"background-color":"var(--ast-global-color-5)","background-image":"","background-repeat":"repeat","background-position":"center center","background-size":"auto","background-attachment":"scroll","background-type":"","background-media":"","overlay-type":"","overlay-color":"","overlay-opacity":"","overlay-gradient":""},"mobile":{"background-color":"var(--ast-global-color-5)","background-image":"","background-repeat":"repeat","background-position":"center center","background-size":"auto","background-attachment":"scroll","background-type":"","background-media":"","overlay-type":"","overlay-color":"","overlay-opacity":"","overlay-gradient":""}},"footnotes":""},"class_list":["post-6","page","type-page","status-publish","hentry"],"_links":{"self":[{"href":"https:\/\/www.adfinplus.es\/index.php?rest_route=\/wp\/v2\/pages\/6","targetHints":{"allow":["GET"]}}],"collection":[{"href":"https:\/\/www.adfinplus.es\/index.php?rest_route=\/wp\/v2\/pages"}],"about":[{"href":"https:\/\/www.adfinplus.es\/index.php?rest_route=\/wp\/v2\/types\/page"}],"author":[{"embeddable":true,"href":"https:\/\/www.adfinplus.es\/index.php?rest_route=\/wp\/v2\/users\/1"}],"replies":[{"embeddable":true,"href":"https:\/\/www.adfinplus.es\/index.php?rest_route=%2Fwp%2Fv2%2Fcomments&post=6"}],"version-history":[{"count":35,"href":"https:\/\/www.adfinplus.es\/index.php?rest_route=\/wp\/v2\/pages\/6\/revisions"}],"predecessor-version":[{"id":107,"href":"https:\/\/www.adfinplus.es\/index.php?rest_route=\/wp\/v2\/pages\/6\/revisions\/107"}],"wp:attachment":[{"href":"https:\/\/www.adfinplus.es\/index.php?rest_route=%2Fwp%2Fv2%2Fmedia&parent=6"}],"curies":[{"name":"wp","href":"https:\/\/api.w.org\/{rel}","templated":true}]}}